{"id":181,"date":"2023-03-31T14:34:55","date_gmt":"2023-03-31T12:34:55","guid":{"rendered":"http:\/\/www.pet-e.de\/?page_id=181"},"modified":"2023-03-31T16:08:32","modified_gmt":"2023-03-31T14:08:32","slug":"home","status":"publish","type":"page","link":"https:\/\/www.pet-e.de\/index.php\/home\/","title":{"rendered":"home"},"content":{"rendered":"\n<p>Reinhold Petersen online       <strong>Wozu nur diese Website?<\/strong> &nbsp; &nbsp;&nbsp;<\/p>\n\n\n\n<p>Websites besitze ich eigentlich &#8222;schon immer&#8220;, d.h. zumindest seit zwei Jahrzehnten. Es begann mit kostenlosen Subdomains bei (Bildungs-)Portalen und m\u00fcndete dann in die Buchung eigener Domains wie&nbsp;<a href=\"https:\/\/www.pet-e.de\/\">www.pet-e.de<\/a>&nbsp; &nbsp;<a href=\"https:\/\/www.petersen-web.de\/\">www.petersen-web.de<\/a>&nbsp; &nbsp; &nbsp;<a href=\"https:\/\/www.essen-haarzopf.de\/\">www.essen-haarzopf.de<\/a>&nbsp;<\/p>\n\n\n\n<p>Zu Schulzeiten diente diese Website dazu, andere meiner Web-Aktivit\u00e4ten zu zentralisieren und koordinieren und vor allem: <br>Sch\u00fclerinnen und Sch\u00fclern Lern-Materialien zug\u00e4nglich zu machen.<br><\/p>\n\n\n\n<p><strong>Und jetzt (2023)?<\/strong><\/p>\n\n\n\n<p>Nat\u00fcrlich bietet eine eigene Website zahlreiche M\u00f6glichkeiten der Selbstdarstellung, ja der Selbstvergewisserung &#8230;.<\/p>\n\n\n\n<p>Dar\u00fcberhinaus ist hier die individualisierbare &#8222;Versorgung&#8220; ausgew\u00e4hlter Anderer mit Fotos, Videos, Material und Links angedacht.<\/p>\n\n\n\n<p>Aber Geduld: Ich plante hier eigentlich eine Neuauflage meiner alten Joomla-Site, jetzt ist hier WordPress am Start, und ich lerne noch &#8230;.!<\/p>\n\n\n\n<p><\/p>\n\n\n\n<figure class=\"wp-block-image size-full\"><img loading=\"lazy\" width=\"200\" height=\"270\" src=\"http:\/\/www.pet-e.de\/wp-content\/uploads\/2023\/03\/rei_pet-e_2.jpg\" alt=\"\" class=\"wp-image-175\"\/><\/figure>\n\n\n\n<p><\/p>\n\n\n\n<p><\/p>\n\n\n\n<p><\/p>\n","protected":false},"excerpt":{"rendered":"<p>Reinhold Petersen online Wozu nur diese Website? &nbsp; &nbsp;&nbsp; Websites besitze ich eigentlich &#8222;schon immer&#8220;, d.h. zumindest seit zwei Jahrzehnten. Es begann mit kostenlosen Subdomains bei (Bildungs-)Portalen und m\u00fcndete dann in die Buchung eigener Domains wie&nbsp;www.pet-e.de&nbsp; &nbsp;www.petersen-web.de&nbsp; &nbsp; &nbsp;www.essen-haarzopf.de&nbsp; Zu Schulzeiten diente diese Website dazu, andere meiner Web-Aktivit\u00e4ten zu zentralisieren und koordinieren und vor allem:&hellip;&nbsp;<a href=\"https:\/\/www.pet-e.de\/index.php\/home\/\" class=\"\" rel=\"bookmark\">Weiterlesen &raquo;<span class=\"screen-reader-text\">home<\/span><\/a><\/p>\n","protected":false},"author":1,"featured_media":0,"parent":0,"menu_order":0,"comment_status":"closed","ping_status":"closed","template":"","meta":{"neve_meta_sidebar":"","neve_meta_container":"","neve_meta_enable_content_width":"","neve_meta_content_width":0,"neve_meta_title_alignment":"","neve_meta_author_avatar":"","neve_post_elements_order":"","neve_meta_disable_header":"","neve_meta_disable_footer":"","neve_meta_disable_title":"","pgc_sgb_lightbox_settings":"","footnotes":""},"class_list":["post-181","page","type-page","status-publish","hentry"],"_links":{"self":[{"href":"https:\/\/www.pet-e.de\/index.php\/wp-json\/wp\/v2\/pages\/181","targetHints":{"allow":["GET"]}}],"collection":[{"href":"https:\/\/www.pet-e.de\/index.php\/wp-json\/wp\/v2\/pages"}],"about":[{"href":"https:\/\/www.pet-e.de\/index.php\/wp-json\/wp\/v2\/types\/page"}],"author":[{"embeddable":true,"href":"https:\/\/www.pet-e.de\/index.php\/wp-json\/wp\/v2\/users\/1"}],"replies":[{"embeddable":true,"href":"https:\/\/www.pet-e.de\/index.php\/wp-json\/wp\/v2\/comments?post=181"}],"version-history":[{"count":6,"href":"https:\/\/www.pet-e.de\/index.php\/wp-json\/wp\/v2\/pages\/181\/revisions"}],"predecessor-version":[{"id":199,"href":"https:\/\/www.pet-e.de\/index.php\/wp-json\/wp\/v2\/pages\/181\/revisions\/199"}],"wp:attachment":[{"href":"https:\/\/www.pet-e.de\/index.php\/wp-json\/wp\/v2\/media?parent=181"}],"curies":[{"name":"wp","href":"https:\/\/api.w.org\/{rel}","templated":true}]}}