{"id":226,"date":"2023-03-31T22:11:47","date_gmt":"2023-03-31T20:11:47","guid":{"rendered":"http:\/\/www.pet-e.de\/?page_id=226"},"modified":"2023-03-31T22:28:58","modified_gmt":"2023-03-31T20:28:58","slug":"musik-produktion","status":"publish","type":"page","link":"https:\/\/www.pet-e.de\/index.php\/musik-produktion\/","title":{"rendered":"Musik-Produktion"},"content":{"rendered":"\n<p>Seit den 90er Jahren mache ich &#8222;Computer-Musik&#8220; &#8211; mit Atari\/Emagic, Cubase und Logic<\/p>\n\n\n\n<p>In den Zeiten als Musiklehrer waren die Programme eine gro\u00dfe Hilfe f\u00fcr den Musikunterricht, die Chor- und Band-Arbeit.<\/p>\n\n\n\n<p>In kreativen Phasen nutze ich bis heute die M\u00f6glichkeiten f\u00fcr kleine Musik-Projekte&#8230;<\/p>\n\n\n\n<figure class=\"wp-block-image size-large is-resized\"><img loading=\"lazy\" src=\"http:\/\/www.pet-e.de\/wp-content\/uploads\/2023\/03\/mupro-1024x684.jpeg\" alt=\"\" class=\"wp-image-227\" width=\"286\" height=\"191\" srcset=\"https:\/\/www.pet-e.de\/wp-content\/uploads\/2023\/03\/mupro-1024x684.jpeg 1024w, https:\/\/www.pet-e.de\/wp-content\/uploads\/2023\/03\/mupro-300x201.jpeg 300w, https:\/\/www.pet-e.de\/wp-content\/uploads\/2023\/03\/mupro-768x513.jpeg 768w, https:\/\/www.pet-e.de\/wp-content\/uploads\/2023\/03\/mupro-930x620.jpeg 930w, https:\/\/www.pet-e.de\/wp-content\/uploads\/2023\/03\/mupro.jpeg 1200w\" sizes=\"auto, (max-width: 286px) 100vw, 286px\" \/><\/figure>\n","protected":false},"excerpt":{"rendered":"<p>Seit den 90er Jahren mache ich &#8222;Computer-Musik&#8220; &#8211; mit Atari\/Emagic, Cubase und Logic In den Zeiten als Musiklehrer waren die Programme eine gro\u00dfe Hilfe f\u00fcr den Musikunterricht, die Chor- und Band-Arbeit. In kreativen Phasen nutze ich bis heute die M\u00f6glichkeiten f\u00fcr kleine Musik-Projekte&#8230;<\/p>\n","protected":false},"author":1,"featured_media":0,"parent":0,"menu_order":0,"comment_status":"closed","ping_status":"closed","template":"","meta":{"neve_meta_sidebar":"","neve_meta_container":"","neve_meta_enable_content_width":"","neve_meta_content_width":0,"neve_meta_title_alignment":"","neve_meta_author_avatar":"","neve_post_elements_order":"","neve_meta_disable_header":"","neve_meta_disable_footer":"","neve_meta_disable_title":"","pgc_sgb_lightbox_settings":"","footnotes":""},"class_list":["post-226","page","type-page","status-publish","hentry"],"_links":{"self":[{"href":"https:\/\/www.pet-e.de\/index.php\/wp-json\/wp\/v2\/pages\/226","targetHints":{"allow":["GET"]}}],"collection":[{"href":"https:\/\/www.pet-e.de\/index.php\/wp-json\/wp\/v2\/pages"}],"about":[{"href":"https:\/\/www.pet-e.de\/index.php\/wp-json\/wp\/v2\/types\/page"}],"author":[{"embeddable":true,"href":"https:\/\/www.pet-e.de\/index.php\/wp-json\/wp\/v2\/users\/1"}],"replies":[{"embeddable":true,"href":"https:\/\/www.pet-e.de\/index.php\/wp-json\/wp\/v2\/comments?post=226"}],"version-history":[{"count":3,"href":"https:\/\/www.pet-e.de\/index.php\/wp-json\/wp\/v2\/pages\/226\/revisions"}],"predecessor-version":[{"id":240,"href":"https:\/\/www.pet-e.de\/index.php\/wp-json\/wp\/v2\/pages\/226\/revisions\/240"}],"wp:attachment":[{"href":"https:\/\/www.pet-e.de\/index.php\/wp-json\/wp\/v2\/media?parent=226"}],"curies":[{"name":"wp","href":"https:\/\/api.w.org\/{rel}","templated":true}]}}