{"id":30,"date":"2023-03-29T23:33:08","date_gmt":"2023-03-29T21:33:08","guid":{"rendered":"http:\/\/www.pet-e.de\/?page_id=30"},"modified":"2025-10-07T17:25:31","modified_gmt":"2025-10-07T15:25:31","slug":"galerie","status":"publish","type":"page","link":"https:\/\/www.pet-e.de\/index.php\/galerie\/","title":{"rendered":"Galerie"},"content":{"rendered":"\n<p><strong>Hier entsteht demn\u00e4chst eine Foto-Galerie &#8230;<\/strong><\/p>\n\n\n\n<p>Im Untermen\u00fc finden sich schon Ans\u00e4tze &#8230;.<\/p>\n\n\n\n<figure class=\"wp-block-gallery has-nested-images columns-default is-cropped wp-block-gallery-1 is-layout-flex wp-block-gallery-is-layout-flex\">\n<figure class=\"wp-block-image size-large\"><img loading=\"lazy\" width=\"1024\" height=\"768\" data-id=\"49\" src=\"http:\/\/www.pet-e.de\/wp-content\/uploads\/2023\/03\/bretagne_2022-1024x768.jpeg\" alt=\"\" class=\"wp-image-49\" srcset=\"https:\/\/www.pet-e.de\/wp-content\/uploads\/2023\/03\/bretagne_2022-1024x768.jpeg 1024w, https:\/\/www.pet-e.de\/wp-content\/uploads\/2023\/03\/bretagne_2022-300x225.jpeg 300w, https:\/\/www.pet-e.de\/wp-content\/uploads\/2023\/03\/bretagne_2022-768x576.jpeg 768w, https:\/\/www.pet-e.de\/wp-content\/uploads\/2023\/03\/bretagne_2022-1536x1152.jpeg 1536w, https:\/\/www.pet-e.de\/wp-content\/uploads\/2023\/03\/bretagne_2022.jpeg 2000w\" sizes=\"auto, (max-width: 1024px) 100vw, 1024px\" \/><\/figure>\n\n\n\n<figure class=\"wp-block-image size-large\"><img loading=\"lazy\" width=\"1024\" height=\"682\" data-id=\"48\" src=\"http:\/\/www.pet-e.de\/wp-content\/uploads\/2023\/03\/matterhornblick_aus_saintluc-1024x682.jpg\" alt=\"\" class=\"wp-image-48\" srcset=\"https:\/\/www.pet-e.de\/wp-content\/uploads\/2023\/03\/matterhornblick_aus_saintluc-1024x682.jpg 1024w, https:\/\/www.pet-e.de\/wp-content\/uploads\/2023\/03\/matterhornblick_aus_saintluc-300x200.jpg 300w, https:\/\/www.pet-e.de\/wp-content\/uploads\/2023\/03\/matterhornblick_aus_saintluc-768x512.jpg 768w, https:\/\/www.pet-e.de\/wp-content\/uploads\/2023\/03\/matterhornblick_aus_saintluc-1536x1024.jpg 1536w, https:\/\/www.pet-e.de\/wp-content\/uploads\/2023\/03\/matterhornblick_aus_saintluc.jpg 2000w\" sizes=\"auto, (max-width: 1024px) 100vw, 1024px\" \/><\/figure>\n<\/figure>\n\n\n\n<figure class=\"wp-block-gallery has-nested-images columns-default is-cropped wp-block-gallery-2 is-layout-flex wp-block-gallery-is-layout-flex\">\n<figure class=\"wp-block-image size-large\"><img loading=\"lazy\" width=\"1024\" height=\"768\" data-id=\"52\" src=\"http:\/\/www.pet-e.de\/wp-content\/uploads\/2023\/03\/nornaes-1024x768.jpeg\" alt=\"\" class=\"wp-image-52\" srcset=\"https:\/\/www.pet-e.de\/wp-content\/uploads\/2023\/03\/nornaes-1024x768.jpeg 1024w, https:\/\/www.pet-e.de\/wp-content\/uploads\/2023\/03\/nornaes-300x225.jpeg 300w, https:\/\/www.pet-e.de\/wp-content\/uploads\/2023\/03\/nornaes-768x576.jpeg 768w, https:\/\/www.pet-e.de\/wp-content\/uploads\/2023\/03\/nornaes.jpeg 1200w\" sizes=\"auto, (max-width: 1024px) 100vw, 1024px\" \/><\/figure>\n\n\n\n<figure class=\"wp-block-image size-large\"><img loading=\"lazy\" width=\"1024\" height=\"768\" data-id=\"51\" src=\"http:\/\/www.pet-e.de\/wp-content\/uploads\/2023\/03\/Funiculaire_Tignousa_StLuc-1024x768.jpeg\" alt=\"\" class=\"wp-image-51\" srcset=\"https:\/\/www.pet-e.de\/wp-content\/uploads\/2023\/03\/Funiculaire_Tignousa_StLuc-1024x768.jpeg 1024w, https:\/\/www.pet-e.de\/wp-content\/uploads\/2023\/03\/Funiculaire_Tignousa_StLuc-300x225.jpeg 300w, https:\/\/www.pet-e.de\/wp-content\/uploads\/2023\/03\/Funiculaire_Tignousa_StLuc-768x576.jpeg 768w, https:\/\/www.pet-e.de\/wp-content\/uploads\/2023\/03\/Funiculaire_Tignousa_StLuc-1536x1152.jpeg 1536w, https:\/\/www.pet-e.de\/wp-content\/uploads\/2023\/03\/Funiculaire_Tignousa_StLuc.jpeg 2000w\" sizes=\"auto, (max-width: 1024px) 100vw, 1024px\" \/><\/figure>\n<\/figure>\n\n\n\n<figure class=\"wp-block-gallery has-nested-images columns-default is-cropped wp-block-gallery-3 is-layout-flex wp-block-gallery-is-layout-flex\">\n<figure class=\"wp-block-image size-large\"><img loading=\"lazy\" width=\"1024\" height=\"768\" data-id=\"263\" src=\"http:\/\/www.pet-e.de\/wp-content\/uploads\/2023\/04\/turracher_hoehe_2023-1-1024x768.jpeg\" alt=\"\" class=\"wp-image-263\" srcset=\"https:\/\/www.pet-e.de\/wp-content\/uploads\/2023\/04\/turracher_hoehe_2023-1-1024x768.jpeg 1024w, https:\/\/www.pet-e.de\/wp-content\/uploads\/2023\/04\/turracher_hoehe_2023-1-300x225.jpeg 300w, https:\/\/www.pet-e.de\/wp-content\/uploads\/2023\/04\/turracher_hoehe_2023-1-768x576.jpeg 768w, https:\/\/www.pet-e.de\/wp-content\/uploads\/2023\/04\/turracher_hoehe_2023-1.jpeg 1200w\" sizes=\"auto, (max-width: 1024px) 100vw, 1024px\" \/><\/figure>\n\n\n\n<figure class=\"wp-block-image size-large\"><img loading=\"lazy\" width=\"1024\" height=\"968\" data-id=\"264\" src=\"http:\/\/www.pet-e.de\/wp-content\/uploads\/2023\/04\/strohsack-see_2023-1-1024x968.jpeg\" alt=\"\" class=\"wp-image-264\" srcset=\"https:\/\/www.pet-e.de\/wp-content\/uploads\/2023\/04\/strohsack-see_2023-1-1024x968.jpeg 1024w, https:\/\/www.pet-e.de\/wp-content\/uploads\/2023\/04\/strohsack-see_2023-1-300x284.jpeg 300w, https:\/\/www.pet-e.de\/wp-content\/uploads\/2023\/04\/strohsack-see_2023-1-768x726.jpeg 768w, https:\/\/www.pet-e.de\/wp-content\/uploads\/2023\/04\/strohsack-see_2023-1.jpeg 1200w\" sizes=\"auto, (max-width: 1024px) 100vw, 1024px\" \/><\/figure>\n<\/figure>\n\n\n\n<figure class=\"wp-block-image size-large is-resized\"><img loading=\"lazy\" src=\"http:\/\/www.pet-e.de\/wp-content\/uploads\/2025\/10\/IMG_5612-1024x768.jpeg\" alt=\"\" class=\"wp-image-1125\" width=\"1171\" height=\"878\" srcset=\"https:\/\/www.pet-e.de\/wp-content\/uploads\/2025\/10\/IMG_5612-1024x768.jpeg 1024w, https:\/\/www.pet-e.de\/wp-content\/uploads\/2025\/10\/IMG_5612-300x225.jpeg 300w, https:\/\/www.pet-e.de\/wp-content\/uploads\/2025\/10\/IMG_5612-768x576.jpeg 768w, https:\/\/www.pet-e.de\/wp-content\/uploads\/2025\/10\/IMG_5612-1536x1152.jpeg 1536w, https:\/\/www.pet-e.de\/wp-content\/uploads\/2025\/10\/IMG_5612-2048x1536.jpeg 2048w\" sizes=\"auto, (max-width: 1171px) 100vw, 1171px\" \/><figcaption class=\"wp-element-caption\">Henrichenburg &#8211;  Sommer 2025<\/figcaption><\/figure>\n","protected":false},"excerpt":{"rendered":"<p>Hier entsteht demn\u00e4chst eine Foto-Galerie &#8230; Im Untermen\u00fc finden sich schon Ans\u00e4tze &#8230;.<\/p>\n","protected":false},"author":1,"featured_media":0,"parent":0,"menu_order":0,"comment_status":"closed","ping_status":"closed","template":"","meta":{"neve_meta_sidebar":"","neve_meta_container":"","neve_meta_enable_content_width":"","neve_meta_content_width":0,"neve_meta_title_alignment":"","neve_meta_author_avatar":"","neve_post_elements_order":"","neve_meta_disable_header":"","neve_meta_disable_footer":"","neve_meta_disable_title":"","pgc_sgb_lightbox_settings":"","footnotes":""},"class_list":["post-30","page","type-page","status-publish","hentry"],"_links":{"self":[{"href":"https:\/\/www.pet-e.de\/index.php\/wp-json\/wp\/v2\/pages\/30","targetHints":{"allow":["GET"]}}],"collection":[{"href":"https:\/\/www.pet-e.de\/index.php\/wp-json\/wp\/v2\/pages"}],"about":[{"href":"https:\/\/www.pet-e.de\/index.php\/wp-json\/wp\/v2\/types\/page"}],"author":[{"embeddable":true,"href":"https:\/\/www.pet-e.de\/index.php\/wp-json\/wp\/v2\/users\/1"}],"replies":[{"embeddable":true,"href":"https:\/\/www.pet-e.de\/index.php\/wp-json\/wp\/v2\/comments?post=30"}],"version-history":[{"count":7,"href":"https:\/\/www.pet-e.de\/index.php\/wp-json\/wp\/v2\/pages\/30\/revisions"}],"predecessor-version":[{"id":1130,"href":"https:\/\/www.pet-e.de\/index.php\/wp-json\/wp\/v2\/pages\/30\/revisions\/1130"}],"wp:attachment":[{"href":"https:\/\/www.pet-e.de\/index.php\/wp-json\/wp\/v2\/media?parent=30"}],"curies":[{"name":"wp","href":"https:\/\/api.w.org\/{rel}","templated":true}]}}