{"id":513,"date":"2023-05-20T17:04:12","date_gmt":"2023-05-20T15:04:12","guid":{"rendered":"http:\/\/www.pet-e.de\/?page_id=513"},"modified":"2023-06-19T23:07:53","modified_gmt":"2023-06-19T21:07:53","slug":"schueren","status":"publish","type":"page","link":"https:\/\/www.pet-e.de\/index.php\/schueren\/","title":{"rendered":"Sch\u00fcren"},"content":{"rendered":"\n<p><strong>Ein verschlafener Dortmunder Vorort, der in den 50er und 60er Jahren meine Heimat war<\/strong><\/p>\n\n\n\n<p>Im Internet sind die Infos \u00fcber Sch\u00fcren durchaus \u00fcberschaubar &#8230;<\/p>\n\n\n\n<p>Der <a href=\"https:\/\/de.wikipedia.org\/wiki\/Sch\u00fcren_(Dortmund)\">WIKIPEDIA-Artikel<\/a> verweist auf ehemalige Landwirtschaftsbetriebe mit alten Bruchsteinmauern aus dem nahegelegenen Steinbruch und auf die Bergbauvergangenheit des Dortmunder Stadtteils (seit 1929), die schon vor der Industrialisierung begann, und nat\u00fcrlich wird auf die Rolle der Zechen und der Betriebe der Stahlindustrie eingegangen, die eigentlich erst mit dem Abbau des Phoenix-Stahhlwerks und der Entwicklung des Phoenix-Sees endete.<\/p>\n\n\n\n<p>Lange vor meiner Zeit bestimmten diese in den folgenden Fotos dokumentierten Faktoren die Geschichte Sch\u00fcrens.<br><em>Die Fotos sind der Festschrift des MGV Quartett 1862 Dortmund-Sch\u00fcren mit dem Titel &#8222;1852-1977 &#8211; 125 MGV Quartett 1852 Sch\u00fcren&#8220; entnommen<\/em><\/p>\n\n\n\n<p><\/p>\n\n\n\n<div class=\"wp-block-columns is-layout-flex wp-container-core-columns-is-layout-9d6595d7 wp-block-columns-is-layout-flex\">\n<div class=\"wp-block-column is-layout-flow wp-block-column-is-layout-flow\">\n<figure class=\"wp-block-image size-large\"><img loading=\"lazy\" width=\"1024\" height=\"698\" src=\"http:\/\/www.pet-e.de\/wp-content\/uploads\/2023\/05\/steinbruch-1024x698.jpg\" alt=\"\" class=\"wp-image-531\" srcset=\"https:\/\/www.pet-e.de\/wp-content\/uploads\/2023\/05\/steinbruch-1024x698.jpg 1024w, https:\/\/www.pet-e.de\/wp-content\/uploads\/2023\/05\/steinbruch-300x205.jpg 300w, https:\/\/www.pet-e.de\/wp-content\/uploads\/2023\/05\/steinbruch-768x524.jpg 768w, https:\/\/www.pet-e.de\/wp-content\/uploads\/2023\/05\/steinbruch.jpg 1200w\" sizes=\"auto, (max-width: 1024px) 100vw, 1024px\" \/><\/figure>\n<\/div>\n\n\n\n<div class=\"wp-block-column is-layout-flow wp-block-column-is-layout-flow\">\n<figure class=\"wp-block-image size-large\"><img loading=\"lazy\" width=\"1024\" height=\"639\" src=\"http:\/\/www.pet-e.de\/wp-content\/uploads\/2023\/05\/schuerenerstrasse_1920-1024x639.jpg\" alt=\"\" class=\"wp-image-533\" srcset=\"https:\/\/www.pet-e.de\/wp-content\/uploads\/2023\/05\/schuerenerstrasse_1920-1024x639.jpg 1024w, https:\/\/www.pet-e.de\/wp-content\/uploads\/2023\/05\/schuerenerstrasse_1920-300x187.jpg 300w, https:\/\/www.pet-e.de\/wp-content\/uploads\/2023\/05\/schuerenerstrasse_1920-768x479.jpg 768w, https:\/\/www.pet-e.de\/wp-content\/uploads\/2023\/05\/schuerenerstrasse_1920.jpg 1171w\" sizes=\"auto, (max-width: 1024px) 100vw, 1024px\" \/><\/figure>\n<\/div>\n<\/div>\n\n\n\n<div class=\"wp-block-columns is-layout-flex wp-container-core-columns-is-layout-9d6595d7 wp-block-columns-is-layout-flex\">\n<div class=\"wp-block-column is-layout-flow wp-block-column-is-layout-flow\">\n<figure class=\"wp-block-image size-large\"><img loading=\"lazy\" width=\"1024\" height=\"659\" src=\"http:\/\/www.pet-e.de\/wp-content\/uploads\/2023\/05\/Halde_Erlenbachstrasse_ueberblick-1-1024x659.jpg\" alt=\"\" class=\"wp-image-535\" srcset=\"https:\/\/www.pet-e.de\/wp-content\/uploads\/2023\/05\/Halde_Erlenbachstrasse_ueberblick-1-1024x659.jpg 1024w, https:\/\/www.pet-e.de\/wp-content\/uploads\/2023\/05\/Halde_Erlenbachstrasse_ueberblick-1-300x193.jpg 300w, https:\/\/www.pet-e.de\/wp-content\/uploads\/2023\/05\/Halde_Erlenbachstrasse_ueberblick-1-768x494.jpg 768w, https:\/\/www.pet-e.de\/wp-content\/uploads\/2023\/05\/Halde_Erlenbachstrasse_ueberblick-1.jpg 1200w\" sizes=\"auto, (max-width: 1024px) 100vw, 1024px\" \/><\/figure>\n<\/div>\n\n\n\n<div class=\"wp-block-column is-layout-flow wp-block-column-is-layout-flow\">\n<figure class=\"wp-block-image size-large\"><img loading=\"lazy\" width=\"1024\" height=\"700\" src=\"http:\/\/www.pet-e.de\/wp-content\/uploads\/2023\/05\/schueruferstrasse-1024x700.jpg\" alt=\"\" class=\"wp-image-532\" srcset=\"https:\/\/www.pet-e.de\/wp-content\/uploads\/2023\/05\/schueruferstrasse-1024x700.jpg 1024w, https:\/\/www.pet-e.de\/wp-content\/uploads\/2023\/05\/schueruferstrasse-300x205.jpg 300w, https:\/\/www.pet-e.de\/wp-content\/uploads\/2023\/05\/schueruferstrasse-768x525.jpg 768w, https:\/\/www.pet-e.de\/wp-content\/uploads\/2023\/05\/schueruferstrasse.jpg 1175w\" sizes=\"auto, (max-width: 1024px) 100vw, 1024px\" \/><\/figure>\n<\/div>\n<\/div>\n\n\n\n<div class=\"wp-block-columns is-layout-flex wp-container-core-columns-is-layout-9d6595d7 wp-block-columns-is-layout-flex\">\n<div class=\"wp-block-column is-layout-flow wp-block-column-is-layout-flow\">\n<figure class=\"wp-block-image size-large\"><img loading=\"lazy\" width=\"1024\" height=\"715\" src=\"http:\/\/www.pet-e.de\/wp-content\/uploads\/2023\/05\/zeche_freie_vogel_1-1024x715.jpg\" alt=\"\" class=\"wp-image-508\" srcset=\"https:\/\/www.pet-e.de\/wp-content\/uploads\/2023\/05\/zeche_freie_vogel_1-1024x715.jpg 1024w, https:\/\/www.pet-e.de\/wp-content\/uploads\/2023\/05\/zeche_freie_vogel_1-300x210.jpg 300w, https:\/\/www.pet-e.de\/wp-content\/uploads\/2023\/05\/zeche_freie_vogel_1-768x536.jpg 768w, https:\/\/www.pet-e.de\/wp-content\/uploads\/2023\/05\/zeche_freie_vogel_1.jpg 1200w\" sizes=\"auto, (max-width: 1024px) 100vw, 1024px\" \/><\/figure>\n<\/div>\n\n\n\n<div class=\"wp-block-column is-layout-flow wp-block-column-is-layout-flow\">\n<figure class=\"wp-block-image size-large\"><img loading=\"lazy\" width=\"1024\" height=\"714\" src=\"http:\/\/www.pet-e.de\/wp-content\/uploads\/2023\/05\/zeche_freie_vogel_2-1024x714.jpg\" alt=\"\" class=\"wp-image-507\" srcset=\"https:\/\/www.pet-e.de\/wp-content\/uploads\/2023\/05\/zeche_freie_vogel_2-1024x714.jpg 1024w, https:\/\/www.pet-e.de\/wp-content\/uploads\/2023\/05\/zeche_freie_vogel_2-300x209.jpg 300w, https:\/\/www.pet-e.de\/wp-content\/uploads\/2023\/05\/zeche_freie_vogel_2-768x536.jpg 768w, https:\/\/www.pet-e.de\/wp-content\/uploads\/2023\/05\/zeche_freie_vogel_2.jpg 1200w\" sizes=\"auto, (max-width: 1024px) 100vw, 1024px\" \/><\/figure>\n<\/div>\n<\/div>\n\n\n\n<div class=\"wp-block-columns is-layout-flex wp-container-core-columns-is-layout-9d6595d7 wp-block-columns-is-layout-flex\">\n<div class=\"wp-block-column is-layout-flow wp-block-column-is-layout-flow\">\n<figure class=\"wp-block-image size-large\"><img loading=\"lazy\" width=\"1024\" height=\"657\" src=\"http:\/\/www.pet-e.de\/wp-content\/uploads\/2023\/05\/kath_kirchhe_10920-1024x657.jpg\" alt=\"\" class=\"wp-image-512\" srcset=\"https:\/\/www.pet-e.de\/wp-content\/uploads\/2023\/05\/kath_kirchhe_10920-1024x657.jpg 1024w, https:\/\/www.pet-e.de\/wp-content\/uploads\/2023\/05\/kath_kirchhe_10920-300x193.jpg 300w, https:\/\/www.pet-e.de\/wp-content\/uploads\/2023\/05\/kath_kirchhe_10920-768x493.jpg 768w, https:\/\/www.pet-e.de\/wp-content\/uploads\/2023\/05\/kath_kirchhe_10920.jpg 1200w\" sizes=\"auto, (max-width: 1024px) 100vw, 1024px\" \/><\/figure>\n<\/div>\n\n\n\n<div class=\"wp-block-column is-layout-flow wp-block-column-is-layout-flow\">\n<figure class=\"wp-block-image size-large\"><img loading=\"lazy\" width=\"1024\" height=\"638\" src=\"http:\/\/www.pet-e.de\/wp-content\/uploads\/2023\/05\/ev_kirche_1915-1024x638.jpg\" alt=\"\" class=\"wp-image-530\" srcset=\"https:\/\/www.pet-e.de\/wp-content\/uploads\/2023\/05\/ev_kirche_1915-1024x638.jpg 1024w, https:\/\/www.pet-e.de\/wp-content\/uploads\/2023\/05\/ev_kirche_1915-300x187.jpg 300w, https:\/\/www.pet-e.de\/wp-content\/uploads\/2023\/05\/ev_kirche_1915-768x478.jpg 768w, https:\/\/www.pet-e.de\/wp-content\/uploads\/2023\/05\/ev_kirche_1915.jpg 1145w\" sizes=\"auto, (max-width: 1024px) 100vw, 1024px\" \/><\/figure>\n<\/div>\n<\/div>\n\n\n\n<p>Meine Familie zog 1952 nach Sch\u00fcren, wo wir bis in die 70er Jahre lebten.<\/p>\n\n\n\n<p>Hier ein paar Fotos aus meiner fr\u00fchen Kindheit, die Sch\u00fcren zun\u00e4chst als l\u00e4ndlich gepr\u00e4gten Ort zeigen. In den 60er Jahren begann man neue Siedlungsh\u00e4user zu errichten, doch gab es hier auch noch zahlreiche Altbauten aus der Hochzeit der Sch\u00fcrener Zechen.<\/p>\n\n\n\n<figure class=\"wp-block-image size-large\"><img loading=\"lazy\" width=\"1024\" height=\"812\" src=\"http:\/\/www.pet-e.de\/wp-content\/uploads\/2023\/06\/1954_pekingstrasse-1024x812.jpg\" alt=\"\" class=\"wp-image-627\" srcset=\"https:\/\/www.pet-e.de\/wp-content\/uploads\/2023\/06\/1954_pekingstrasse-1024x812.jpg 1024w, https:\/\/www.pet-e.de\/wp-content\/uploads\/2023\/06\/1954_pekingstrasse-300x238.jpg 300w, https:\/\/www.pet-e.de\/wp-content\/uploads\/2023\/06\/1954_pekingstrasse-768x609.jpg 768w, https:\/\/www.pet-e.de\/wp-content\/uploads\/2023\/06\/1954_pekingstrasse.jpg 1200w\" sizes=\"auto, (max-width: 1024px) 100vw, 1024px\" \/><figcaption class=\"wp-element-caption\">1954: Pekingstra\u00dfe mit l\u00e4ndlichem Umfeld<\/figcaption><\/figure>\n\n\n\n<figure class=\"wp-block-image size-large\"><img loading=\"lazy\" width=\"1024\" height=\"806\" src=\"http:\/\/www.pet-e.de\/wp-content\/uploads\/2023\/06\/1954_pekingstr_haldenblick-1024x806.jpg\" alt=\"\" class=\"wp-image-630\" srcset=\"https:\/\/www.pet-e.de\/wp-content\/uploads\/2023\/06\/1954_pekingstr_haldenblick-1024x806.jpg 1024w, https:\/\/www.pet-e.de\/wp-content\/uploads\/2023\/06\/1954_pekingstr_haldenblick-300x236.jpg 300w, https:\/\/www.pet-e.de\/wp-content\/uploads\/2023\/06\/1954_pekingstr_haldenblick-768x604.jpg 768w, https:\/\/www.pet-e.de\/wp-content\/uploads\/2023\/06\/1954_pekingstr_haldenblick.jpg 1200w\" sizes=\"auto, (max-width: 1024px) 100vw, 1024px\" \/><figcaption class=\"wp-element-caption\">1954: Blick von der Pekingstra\u00dfe auf die Halde<\/figcaption><\/figure>\n\n\n\n<figure class=\"wp-block-image size-large\"><img loading=\"lazy\" width=\"1024\" height=\"676\" src=\"http:\/\/www.pet-e.de\/wp-content\/uploads\/2023\/06\/1963_pekingstr_neubauten-am-Potacker-1024x676.jpg\" alt=\"\" class=\"wp-image-637\" srcset=\"https:\/\/www.pet-e.de\/wp-content\/uploads\/2023\/06\/1963_pekingstr_neubauten-am-Potacker-1024x676.jpg 1024w, https:\/\/www.pet-e.de\/wp-content\/uploads\/2023\/06\/1963_pekingstr_neubauten-am-Potacker-300x198.jpg 300w, https:\/\/www.pet-e.de\/wp-content\/uploads\/2023\/06\/1963_pekingstr_neubauten-am-Potacker-768x507.jpg 768w, https:\/\/www.pet-e.de\/wp-content\/uploads\/2023\/06\/1963_pekingstr_neubauten-am-Potacker.jpg 1200w\" sizes=\"auto, (max-width: 1024px) 100vw, 1024px\" \/><figcaption class=\"wp-element-caption\">1963: Blick von der Pekingstra\u00dfe auf die Neubauten am Potacker<\/figcaption><\/figure>\n\n\n\n<figure class=\"wp-block-image size-large\"><img loading=\"lazy\" width=\"1024\" height=\"825\" src=\"http:\/\/www.pet-e.de\/wp-content\/uploads\/2023\/06\/1967_Pekingstr_Autow-1024x825.jpg\" alt=\"\" class=\"wp-image-632\" srcset=\"https:\/\/www.pet-e.de\/wp-content\/uploads\/2023\/06\/1967_Pekingstr_Autow-1024x825.jpg 1024w, https:\/\/www.pet-e.de\/wp-content\/uploads\/2023\/06\/1967_Pekingstr_Autow-300x242.jpg 300w, https:\/\/www.pet-e.de\/wp-content\/uploads\/2023\/06\/1967_Pekingstr_Autow-768x619.jpg 768w, https:\/\/www.pet-e.de\/wp-content\/uploads\/2023\/06\/1967_Pekingstr_Autow.jpg 1200w\" sizes=\"auto, (max-width: 1024px) 100vw, 1024px\" \/><figcaption class=\"wp-element-caption\">1967: Pekingstra\u00dfe (H\u00f6he R\u00f6hrenstra\u00dfe) &#8211; im Hintergrund die alten Zechenh\u00e4user<\/figcaption><\/figure>\n","protected":false},"excerpt":{"rendered":"<p>Ein verschlafener Dortmunder Vorort, der in den 50er und 60er Jahren meine Heimat war Im Internet sind die Infos \u00fcber Sch\u00fcren durchaus \u00fcberschaubar &#8230; Der WIKIPEDIA-Artikel verweist auf ehemalige Landwirtschaftsbetriebe mit alten Bruchsteinmauern aus dem nahegelegenen Steinbruch und auf die Bergbauvergangenheit des Dortmunder Stadtteils (seit 1929), die schon vor der Industrialisierung begann, und nat\u00fcrlich wird&hellip;&nbsp;<a href=\"https:\/\/www.pet-e.de\/index.php\/schueren\/\" class=\"\" rel=\"bookmark\">Weiterlesen &raquo;<span class=\"screen-reader-text\">Sch\u00fcren<\/span><\/a><\/p>\n","protected":false},"author":1,"featured_media":0,"parent":0,"menu_order":0,"comment_status":"closed","ping_status":"closed","template":"","meta":{"neve_meta_sidebar":"","neve_meta_container":"","neve_meta_enable_content_width":"","neve_meta_content_width":0,"neve_meta_title_alignment":"","neve_meta_author_avatar":"","neve_post_elements_order":"","neve_meta_disable_header":"","neve_meta_disable_footer":"","neve_meta_disable_title":"","pgc_sgb_lightbox_settings":"","footnotes":""},"class_list":["post-513","page","type-page","status-publish","hentry"],"_links":{"self":[{"href":"https:\/\/www.pet-e.de\/index.php\/wp-json\/wp\/v2\/pages\/513","targetHints":{"allow":["GET"]}}],"collection":[{"href":"https:\/\/www.pet-e.de\/index.php\/wp-json\/wp\/v2\/pages"}],"about":[{"href":"https:\/\/www.pet-e.de\/index.php\/wp-json\/wp\/v2\/types\/page"}],"author":[{"embeddable":true,"href":"https:\/\/www.pet-e.de\/index.php\/wp-json\/wp\/v2\/users\/1"}],"replies":[{"embeddable":true,"href":"https:\/\/www.pet-e.de\/index.php\/wp-json\/wp\/v2\/comments?post=513"}],"version-history":[{"count":25,"href":"https:\/\/www.pet-e.de\/index.php\/wp-json\/wp\/v2\/pages\/513\/revisions"}],"predecessor-version":[{"id":647,"href":"https:\/\/www.pet-e.de\/index.php\/wp-json\/wp\/v2\/pages\/513\/revisions\/647"}],"wp:attachment":[{"href":"https:\/\/www.pet-e.de\/index.php\/wp-json\/wp\/v2\/media?parent=513"}],"curies":[{"name":"wp","href":"https:\/\/api.w.org\/{rel}","templated":true}]}}